{"id":11665,"date":"2023-06-08T05:16:09","date_gmt":"2023-06-08T05:16:09","guid":{"rendered":"https:\/\/kuusistoservices.fi\/?page_id=11665"},"modified":"2023-06-08T11:06:17","modified_gmt":"2023-06-08T11:06:17","slug":"yhteydenotto","status":"publish","type":"page","link":"https:\/\/kuusistoservices.fi\/en\/yhteydenotto\/","title":{"rendered":"Contact"},"content":{"rendered":"<p>We offer ICT solutions tailored to your company's needs, as well as local support services. Contact us so we can solve things together.<br>info @ kuusistoservices . fi<\/p>\n\n\n\n<p><a href=\"tel:+358408259399\">+358 408 259 399<\/a><\/p>\n\n\n\n<p><strong>COMPUTER MAINTENANCE TAMPERE<\/strong><br>Maintains and repairs laptops, workstations and peripherals. Network solutions, WLAN and LAN networks, ICT solutions from one place. Y-ID: FI20527555<\/p>\n\n\n\n<pre class=\"wp-block-code\"><code><iframe src=\"https:\/\/www.google.com\/maps\/embed?pb=!1m18!1m12!1m3!1d1904.0702851734459!2d23.77280707792041!3d61.49520353580991!2m3!1f0!2f0!3f0!3m2!1i1024!2i768!4f13.1!3m3!1m2!1s0x468f206e819c80fd%3A0x97e181527c06c83a!2sTietokonehuolto%20Tampere%20Kuusisto%20Services!5e0!3m2!1sfi!2sfi!4v1686222263409!5m2!1sfi!2sfi\" width=\"1100\" height=\"450\" style=\"border:0;\" allowfullscreen=\"\" loading=\"lazy\" referrerpolicy=\"no-referrer-when-downgrade\"><\/iframe><\/code><\/pre>","protected":false},"excerpt":{"rendered":"<p>Tarjoamme yrityksesi tarpeisiin mitoitettuja ICT- ratkaisuja sek\u00e4 tarjoamme l\u00e4hitukipalveluita. Ota yhteytt\u00e4 niin ratkaistaan asiat yhdess\u00e4.info @ kuusistoservices . fi +358 408 259 399 TIETOKONEHUOLTO TAMPEREHuoltaa ja korjaa kannettavat, ty\u00f6asemat ja oheislaitteet. Verkkoratkaisut, Wlan- ja Lanverkot, ICT- ratkaisut yhdest\u00e4 paikasta. Y-Tunnus: FI20527555<\/p>","protected":false},"author":1,"featured_media":0,"parent":0,"menu_order":0,"comment_status":"closed","ping_status":"closed","template":"","meta":{"footnotes":""},"categories":[],"tags":[],"class_list":["post-11665","page","type-page","status-publish","hentry"],"_links":{"self":[{"href":"https:\/\/kuusistoservices.fi\/en\/wp-json\/wp\/v2\/pages\/11665","targetHints":{"allow":["GET"]}}],"collection":[{"href":"https:\/\/kuusistoservices.fi\/en\/wp-json\/wp\/v2\/pages"}],"about":[{"href":"https:\/\/kuusistoservices.fi\/en\/wp-json\/wp\/v2\/types\/page"}],"author":[{"embeddable":true,"href":"https:\/\/kuusistoservices.fi\/en\/wp-json\/wp\/v2\/users\/1"}],"replies":[{"embeddable":true,"href":"https:\/\/kuusistoservices.fi\/en\/wp-json\/wp\/v2\/comments?post=11665"}],"version-history":[{"count":6,"href":"https:\/\/kuusistoservices.fi\/en\/wp-json\/wp\/v2\/pages\/11665\/revisions"}],"predecessor-version":[{"id":11685,"href":"https:\/\/kuusistoservices.fi\/en\/wp-json\/wp\/v2\/pages\/11665\/revisions\/11685"}],"wp:attachment":[{"href":"https:\/\/kuusistoservices.fi\/en\/wp-json\/wp\/v2\/media?parent=11665"}],"wp:term":[{"taxonomy":"category","embeddable":true,"href":"https:\/\/kuusistoservices.fi\/en\/wp-json\/wp\/v2\/categories?post=11665"},{"taxonomy":"post_tag","embeddable":true,"href":"https:\/\/kuusistoservices.fi\/en\/wp-json\/wp\/v2\/tags?post=11665"}],"curies":[{"name":"wp","href":"https:\/\/api.w.org\/{rel}","templated":true}]}}