{"id":3,"date":"2023-04-21T04:41:47","date_gmt":"2023-04-21T04:41:47","guid":{"rendered":"https:\/\/kuusistoservices.fi\/?page_id=3"},"modified":"2023-04-21T05:35:23","modified_gmt":"2023-04-21T05:35:23","slug":"privacy-policy","status":"publish","type":"page","link":"https:\/\/kuusistoservices.fi\/en\/privacy-policy\/","title":{"rendered":"Cookie Policy and Privacy Statement"},"content":{"rendered":"<p>Ev\u00e4stek\u00e4yt\u00e4nt\u00f6<\/p>\n\n\n\n<p>Sivustollamme www.kuusistoservices.fi k\u00e4ytet\u00e4\u00e4n ev\u00e4steit\u00e4 joiden avulla sinut erotetaan sivustomme muista k\u00e4ytt\u00e4jist\u00e4. Tarkalleen sanoen tunnistamme selaimesi, ja tietoa ei voi yhdist\u00e4\u00e4 esimerkiksi nimeesi tai osoitteeseesi.<\/p>\n\n\n\n<p>Ev\u00e4steet ker\u00e4\u00e4v\u00e4t meille t\u00e4rke\u00e4t\u00e4 tietoa, koska niiden avulla saamme tiet\u00e4\u00e4 koska vierailit sivustollamme, mit\u00e4 kautta sinne p\u00e4\u00e4dyit, kauanko viivyit siell\u00e4 ja mit\u00e4 sivuja selasit. T\u00e4m\u00e4 data auttaa meit\u00e4 kehitt\u00e4m\u00e4\u00e4n sivustoamme, tuotteitamme ja palveluitamme.<\/p>\n\n\n\n<p>Ev\u00e4ste on pieni tekstitiedosto joka ladataan laitteellesi jotta voimme tunnistaa selaimesi kun vierailet sivuillamme. Ev\u00e4ste siis vain \u201ckorvamerkitsee\u201d selaimesi, se ei ole ohjelma joten sen mukana ei voida asentaa viruksia tai haittaohjelmia. Halutessasi voit poistaa ev\u00e4steet jolloin emme en\u00e4\u00e4 tunnista sinua ja est\u00e4\u00e4 niiden lis\u00e4\u00e4misen selaimesi asetuksista. Sivustomme selaaminen ei vaadi ev\u00e4steiden hyv\u00e4ksymist\u00e4 selaimessasi.<\/p>\n\n\n\n<p>Sivustolla k\u00e4ytet\u00e4\u00e4n eri ohjelmistoja ja teknologioita k\u00e4vij\u00e4seurantaa, mainontaa, mainonnan seurantaa, mainonnan uudelleenkohdistamista ja sivuston k\u00e4ytett\u00e4vyyden parantamista varten. My\u00f6s n\u00e4m\u00e4 voivat tallentaa k\u00e4ytt\u00e4j\u00e4n laitteelle v\u00e4liaikaisia ja pysyvi\u00e4 ev\u00e4steit\u00e4, eli ns. kolmannen osapuolen ev\u00e4steit\u00e4. K\u00e4ytett\u00e4v\u00e4t teknologiat:<\/p>\n\n\n\n<p>Google Analytics<br>Google Adwords<br>Google Webmaster Tools<br>Edell\u00e4 mainitut teknologiat ja ohjelmistot saattavat tallentaa dataa eri puolilla maailmaa sijaitseviin tallennussijainteihin.<\/p>\n\n\n\n<p>Kolmannet osapuolet, kuten Google, voivat k\u00e4ytt\u00e4\u00e4 ev\u00e4steit\u00e4, majakoita ja muita tallennustekniikoita ker\u00e4tess\u00e4\u00e4n ja vastaanottaessaan tietoja sivustoistamme ja k\u00e4ytt\u00e4\u00e4 n\u00e4it\u00e4 tietoja mittauspalvelujen tarjoamiseen ja mainosten kohdentamiseen.<\/p>\n\n\n\n<p>Lis\u00e4tietoja ev\u00e4steist\u00e4 sek\u00e4 siit\u00e4, miten n\u00e4et, mit\u00e4 ev\u00e4steit\u00e4 on asetettu, ja miten voit hallita, est\u00e4\u00e4 ja poistaa niit\u00e4, saat osoitteista www.allaboutcookies.org ja\/tai www.aboutcookies.org. Sivustot osoitteissa www.allaboutcookies.org ja www.aboutcookies.org antavat tarkat, vaihe vaiheelta etenev\u00e4t ohjeet ev\u00e4steiden hallintaan ja poistamiseen selaintyypist\u00e4 riippuen. Voit s\u00e4\u00e4t\u00e4\u00e4 selaimesi asetukset haluamallesi suojaustasolle.<\/p>\n\n\n\n<p>Seuraavissa ulkopuolisissa linkeiss\u00e4 selostetaan, miten ev\u00e4steiden hallinta onnistuu yleisimmill\u00e4 selaintyypeill\u00e4:<\/p>\n\n\n\n<p>Internet Explorer: http:\/\/support.microsoft.com\/kb\/278835<\/p>\n\n\n\n<p>Chrome: http:\/\/support.google.com\/chrome\/bin\/answer.py?hl=en-GB&amp;answer=95647<\/p>\n\n\n\n<p>Firefox: http:\/\/support.mozilla.org\/en-US\/kb\/Enabling%20and%20disabling%20cookies<\/p>\n\n\n\n<p>Safari: http:\/\/docs.info.apple.com\/article.html?path=Safari\/5.0\/en\/9277.html<\/p>\n\n\n\n<p>Opera: http:\/\/www.opera.com\/browser\/tutorials\/security\/privacy\/<\/p>\n\n\n\n<p>Android: http:\/\/support.google.com\/mobile\/bin\/answer.py?hl=en&amp;answer=169022<\/p>\n\n\n\n<p>Blackberry: http:\/\/docs.blackberry.com\/en\/smartphone_users\/deliverables\/32004\/Turn_off_cookies_in_the_browser_60_1072866_11.jsp<\/p>\n\n\n\n<p>Tietosuojaseloste<\/p>\n\n\n\n<p>Henkil\u00f6tietolains\u00e4\u00e4d\u00e4nn\u00f6n mukainen tietosuojaseloste (erit. henkil\u00f6tietolaki, 523\/1999, 10 ja 24 \u00a7).<\/p>\n\n\n\n<p>Henkil\u00f6rekisteri<\/p>\n\n\n\n<p>Rekisterinpit\u00e4j\u00e4<\/p>\n\n\n\n<p>Kuusisto Services<\/p>\n\n\n\n<p>\u00c5kerlundinkatu 11<\/p>\n\n\n\n<p>33100, Tampere<\/p>\n\n\n\n<p>Puh. 040 825 9399<\/p>\n\n\n\n<p>Y-tunnus: 2052755-5<\/p>\n\n\n\n<p>Yhteyshenkil\u00f6 rekisteri\u00e4 koskevissa asioissa<\/p>\n\n\n\n<p>Mikko Kuusisto<\/p>\n\n\n\n<p>040 825 9399<\/p>\n\n\n\n<p>info @ kuusistoservices.fi<\/p>\n\n\n\n<p>Rekisterin nimi<\/p>\n\n\n\n<p>Asiakasrekisteri<\/p>\n\n\n\n<p>Henkil\u00f6tietojen k\u00e4sittelyn tarkoitus<\/p>\n\n\n\n<p>Asiakassuhteen hoitaminen ja yll\u00e4pito<br>Kuusisto Services ja yhteisty\u00f6kumppaneiden tarjoamien palvelujen toteuttaminen, myynti, hallinta, laskuttaminen ja tuotteiden\/palveluiden markkinointi sek\u00e4 palveluiden kehitt\u00e4minen<br>Rekisterin tietosis\u00e4lt\u00f6<\/p>\n\n\n\n<p>Yhteystiedot: Yrityksen nimi, yhteyshenkil\u00f6n nimi, asema ja osoitetiedot, puhelinnumerot, s\u00e4hk\u00f6postiosoitteet<br>Asiakkaan k\u00e4yt\u00f6ss\u00e4 olevat tai olleet laitteet ja palvelut, asiakkaan tilaamat ty\u00f6t ja muut toimenpiteet ja edell\u00e4 mainittuja koskevat tiedot<br>S\u00e4\u00e4nn\u00f6nmukaiset tietol\u00e4hteet<\/p>\n\n\n\n<p>Asiakkaan antamat tiedot, muista julkisista tietokannoista saatavissa olevat tiedot (esim. kaupparekisteri).<\/p>\n\n\n\n<p>Tietojen s\u00e4\u00e4nn\u00f6nmukaiset luovutukset<\/p>\n\n\n\n<p>Tietoja ei luovuteta s\u00e4\u00e4nn\u00f6nmukaisesti.<\/p>\n\n\n\n<p>Tietojen siirto EU:n tai ETA:n ulkopuolelle<\/p>\n\n\n\n<p>Tietoja ei luovuteta EU:n tai ETA ulkopuolelle.<\/p>\n\n\n\n<p>Rekisterin suojauksen periaatteet<\/p>\n\n\n\n<p>Manuaalinen aineisto:<\/p>\n\n\n\n<p>Manuaalinen aineisto s\u00e4ilytet\u00e4\u00e4n lukitussa tilassa.<\/p>\n\n\n\n<p>S\u00e4hk\u00f6isesti tallennetut tiedot:<\/p>\n\n\n\n<p>Rekisteri on suojattu ulkoisilta tunkeutumisilta teknisin suojakeinoin. Rekisteri\u00e4 k\u00e4sittelev\u00e4t Kuusisto Services rekisterin pit\u00e4j\u00e4<\/p>\n\n\n\n<p>Tarkastusoikeus<\/p>\n\n\n\n<p>Jokaisella on oikeus tiet\u00e4\u00e4, mit\u00e4 h\u00e4nt\u00e4 koskevia tietoja henkil\u00f6rekisteriin on tallennettu. Tarkastusoikeus on maksuton kerran vuodessa ja pyynt\u00f6\u00e4 esitett\u00e4ess\u00e4 henkil\u00f6n on todistettava oma henkil\u00f6llisyytens\u00e4 esitt\u00e4m\u00e4ll\u00e4 asiakaspalvelussa viranomaisen my\u00f6nt\u00e4m\u00e4 henkil\u00f6llisyystodistus. Tiedot annetaan pyydett\u00e4ess\u00e4 kirjallisesti. Oikaisupyynn\u00f6t on j\u00e4tett\u00e4v\u00e4 henkil\u00f6kohtaisesti Kuusisto Services asiakaspalveluun josta ne toimitetaan rekisterin yhteyshenkil\u00f6lle.<\/p>\n\n\n\n<p>Oikeus vaatia tiedon korjaamista<\/p>\n\n\n\n<p>Rekisterinpit\u00e4j\u00e4 poistaa, oikaisee tai t\u00e4ydent\u00e4\u00e4 k\u00e4sittelyn kannalta virheelliset, tarpeettomat, puutteelliset tai vanhentuneet tiedot oma-aloitteisesti tai henkil\u00f6n pyynn\u00f6st\u00e4. Oikaisu- ja t\u00e4ydennyspyynn\u00f6t osoitetaan Asiakkaan nimetylle yhteyshenkil\u00f6lle puhelimitse, s\u00e4hk\u00f6postitse, henkil\u00f6kohtaisesti tai kirjallisesti. Poistopyynn\u00f6t on j\u00e4tett\u00e4v\u00e4 henkil\u00f6kohtaisesti Kuusisto Services asiakaspalveluun josta ne toimitetaan rekisterin yhteyshenkil\u00f6lle.<\/p>\n\n\n\n<p>Tietojen s\u00e4ilytysaika<\/p>\n\n\n\n<p>S\u00e4ilyt\u00e4mme k\u00e4ytt\u00e4j\u00e4n tietoja niin kauan kuin on tarpeen yll\u00e4 m\u00e4\u00e4riteltyjen tarkoitusten toteuttamiseksi kulloinkin voimassaolevan lains\u00e4\u00e4d\u00e4nn\u00f6n mukaisesti.<\/p>\n\n\n\n<p>Muut henkil\u00f6tietojen k\u00e4sittelyyn liittyv\u00e4t oikeudet<\/p>\n\n\n\n<p>Rekister\u00f6idyll\u00e4 on oikeus kielt\u00e4\u00e4 rekisterinpit\u00e4j\u00e4\u00e4 k\u00e4sittelem\u00e4st\u00e4 h\u00e4nt\u00e4 itse\u00e4\u00e4n koskevia tietoja suoramainontaa, et\u00e4myynti\u00e4 ja muuta suoramarkkinointia, markkina- ja mielipidetutkimuksia, henkil\u00f6matrikkelia ja sukututkimusta varten. Kielto tulee osoittaa rekisteriasioista vastaavalle yhteyshenkil\u00f6lle.<\/p>","protected":false},"excerpt":{"rendered":"<p>Ev\u00e4stek\u00e4yt\u00e4nt\u00f6 Sivustollamme www.kuusistoservices.fi k\u00e4ytet\u00e4\u00e4n ev\u00e4steit\u00e4 joiden avulla sinut erotetaan sivustomme muista k\u00e4ytt\u00e4jist\u00e4. Tarkalleen sanoen tunnistamme selaimesi, ja tietoa ei voi yhdist\u00e4\u00e4 esimerkiksi nimeesi tai osoitteeseesi. Ev\u00e4steet ker\u00e4\u00e4v\u00e4t meille t\u00e4rke\u00e4t\u00e4 tietoa, koska niiden avulla saamme tiet\u00e4\u00e4 koska vierailit sivustollamme, mit\u00e4 kautta sinne p\u00e4\u00e4dyit, kauanko viivyit siell\u00e4 ja mit\u00e4 sivuja selasit. T\u00e4m\u00e4 data auttaa meit\u00e4 kehitt\u00e4m\u00e4\u00e4n sivustoamme,<\/p>\n<p class=\"more-link\"><a href=\"https:\/\/kuusistoservices.fi\/en\/privacy-policy\/\" class=\"themebutton\">Read More<\/a><\/p>","protected":false},"author":1,"featured_media":45,"parent":0,"menu_order":0,"comment_status":"closed","ping_status":"closed","template":"","meta":{"footnotes":""},"categories":[],"tags":[],"class_list":["post-3","page","type-page","status-publish","has-post-thumbnail","hentry"],"_links":{"self":[{"href":"https:\/\/kuusistoservices.fi\/en\/wp-json\/wp\/v2\/pages\/3","targetHints":{"allow":["GET"]}}],"collection":[{"href":"https:\/\/kuusistoservices.fi\/en\/wp-json\/wp\/v2\/pages"}],"about":[{"href":"https:\/\/kuusistoservices.fi\/en\/wp-json\/wp\/v2\/types\/page"}],"author":[{"embeddable":true,"href":"https:\/\/kuusistoservices.fi\/en\/wp-json\/wp\/v2\/users\/1"}],"replies":[{"embeddable":true,"href":"https:\/\/kuusistoservices.fi\/en\/wp-json\/wp\/v2\/comments?post=3"}],"version-history":[{"count":1,"href":"https:\/\/kuusistoservices.fi\/en\/wp-json\/wp\/v2\/pages\/3\/revisions"}],"predecessor-version":[{"id":13,"href":"https:\/\/kuusistoservices.fi\/en\/wp-json\/wp\/v2\/pages\/3\/revisions\/13"}],"wp:featuredmedia":[{"embeddable":true,"href":"https:\/\/kuusistoservices.fi\/en\/wp-json\/wp\/v2\/media\/45"}],"wp:attachment":[{"href":"https:\/\/kuusistoservices.fi\/en\/wp-json\/wp\/v2\/media?parent=3"}],"wp:term":[{"taxonomy":"category","embeddable":true,"href":"https:\/\/kuusistoservices.fi\/en\/wp-json\/wp\/v2\/categories?post=3"},{"taxonomy":"post_tag","embeddable":true,"href":"https:\/\/kuusistoservices.fi\/en\/wp-json\/wp\/v2\/tags?post=3"}],"curies":[{"name":"wp","href":"https:\/\/api.w.org\/{rel}","templated":true}]}}